{"id":2,"date":"2007-05-23T23:53:51","date_gmt":"2007-05-23T21:53:51","guid":{"rendered":""},"modified":"2009-01-16T22:10:14","modified_gmt":"2009-01-16T20:10:14","slug":"about","status":"publish","type":"page","link":"https:\/\/blog.familie-heming.de\/?page_id=2","title":{"rendered":"Impressum"},"content":{"rendered":"<p>Mein Name ist Matthias Heming. Diese Seite ist aus eigenem Antrieb ohne kommerzielle Hintergedanken geschrieben worden.  Bis jetzt bin ich ziemlich sicher, keine Rechte Dritter verletzt zu haben, sollte das dennoch geschehen sein, so bitte ich um einen kleinen Hinweis, damit ich das Problem beseitigen kann. Falls man mich &#8211; aus welchen Gr\u00fcnden auch immer &#8211; erreichen m\u00f6chte, so sollte man dies am besten \u00fcber die E-Mail-Adresse  <a href=\"mailto:matthias@familie-heming.de\">matthias@familie-heming.de<\/a> machen, diese wird von mir in regelm\u00e4\u00dfigen Zeitr\u00e4umen auf neue Nachrichten hin \u00fcberpr\u00fcft.<\/p>\n","protected":false},"excerpt":{"rendered":"<p>Mein Name ist Matthias Heming. Diese Seite ist aus eigenem Antrieb ohne kommerzielle Hintergedanken geschrieben worden. Bis jetzt bin ich ziemlich sicher, keine Rechte Dritter verletzt zu haben, sollte das dennoch geschehen sein, so bitte ich um einen kleinen Hinweis, &hellip; <a href=\"https:\/\/blog.familie-heming.de\/?page_id=2\">Weiterlesen <span class=\"meta-nav\">&rarr;<\/span><\/a><\/p>\n","protected":false},"author":1,"featured_media":0,"parent":0,"menu_order":0,"comment_status":"open","ping_status":"open","template":"","meta":[],"_links":{"self":[{"href":"https:\/\/blog.familie-heming.de\/index.php?rest_route=\/wp\/v2\/pages\/2"}],"collection":[{"href":"https:\/\/blog.familie-heming.de\/index.php?rest_route=\/wp\/v2\/pages"}],"about":[{"href":"https:\/\/blog.familie-heming.de\/index.php?rest_route=\/wp\/v2\/types\/page"}],"author":[{"embeddable":true,"href":"https:\/\/blog.familie-heming.de\/index.php?rest_route=\/wp\/v2\/users\/1"}],"replies":[{"embeddable":true,"href":"https:\/\/blog.familie-heming.de\/index.php?rest_route=%2Fwp%2Fv2%2Fcomments&post=2"}],"version-history":[{"count":1,"href":"https:\/\/blog.familie-heming.de\/index.php?rest_route=\/wp\/v2\/pages\/2\/revisions"}],"predecessor-version":[{"id":46,"href":"https:\/\/blog.familie-heming.de\/index.php?rest_route=\/wp\/v2\/pages\/2\/revisions\/46"}],"wp:attachment":[{"href":"https:\/\/blog.familie-heming.de\/index.php?rest_route=%2Fwp%2Fv2%2Fmedia&parent=2"}],"curies":[{"name":"wp","href":"https:\/\/api.w.org\/{rel}","templated":true}]}}